{"id":8,"date":"2019-01-08T15:21:23","date_gmt":"2019-01-08T14:21:23","guid":{"rendered":"http:\/\/joueurs-anonymes.com\/?page_id=8"},"modified":"2025-10-24T19:24:16","modified_gmt":"2025-10-24T17:24:16","slug":"a-propos-de","status":"publish","type":"page","link":"https:\/\/joueurs-anonymes.com\/index.php\/a-propos-de\/","title":{"rendered":"R\u00e9unions"},"content":{"rendered":"<p>Rien de plus simple, il suffit d&rsquo;\u00eatre deux personnes au minimum et d&rsquo;avoir le d\u00e9sir d&rsquo;arr\u00eater de jouer.\u00a0<\/p>\n\n\n<h3 class=\"wp-block-heading has-accent-color has-text-color\"><strong>REUNIONS VIRTUELLES<\/strong> :<\/h3>\n\n\n\n<p class=\"has-medium-font-size\">LES REUNIONS SE DEROULENT LES DIMANCHES ET LES MERCREDIS DE 21H00 A 22H15 \u00e0 L\u2019ADRESSE SUIVANTE:<\/p>\n\n\n\n<p>Participer \u00e0 la r\u00e9union Zoom<br><a href=\"https:\/\/us05web.zoom.us\/j\/3113093832?pwd=M0w2Ym5JNUU3cmZST1J5bGtSUUdxQT09\">https:\/\/us05web.zoom.us\/j\/3113093832?pwd=M0w2Ym5JNUU3cmZST1J5bGtSUUdxQT09<\/a><\/p>\n\n\n\n<p>Le mot de passe est : treP6J<\/p>\n\n\n\n<p><em>En cas de difficult\u00e9s avec l\u2019outil Zoom ou en cas de questions, veuillez nous contacter \u00e0 un des num\u00e9ros de la page Contact ou par mail.<\/em><\/p>\n\n\n\n<h3 class=\"wp-block-heading has-accent-color has-text-color\"><strong>REUNIONS PHYSIQUES<\/strong>:<\/h3>\n\n\n\n<p><\/p>\n\n\n\n<p>A PARTIR DU 6\/11 LES REUNIONS PHYSIQUES AURONT LIEU A L&rsquo;ADRESSE SUIVANTE : <\/p>\n\n\n\n<p>CENTRE SOCIO CULTUREL DE BELLEVILLE <\/p>\n\n\n\n<h4 class=\"wp-block-heading\">PARIS<\/h4>\n\n\n\n<p>Tous les jeudis de 19h15 \u00e0 21h00 au 26 Rue Jules Romain <\/p>\n\n\n\n<p>75019 Paris<a href=\"https:\/\/moovitapp.com\/paris-662\/lines\/91\/512687\/4007024\/fr?ref=1&amp;poiType=efsite&amp;customerId=4908\"><br><br><\/a>Vous pouvez contacter Alain au 06.77.60.72.07 ou Marie-France au 06.37.15.12.90<\/p>\n","protected":false},"excerpt":{"rendered":"<p>Rien de plus simple, il suffit d&rsquo;\u00eatre deux personnes au minimum et d&rsquo;avoir le d\u00e9sir d&rsquo;arr\u00eater de jouer.\u00a0 REUNIONS VIRTUELLES : LES REUNIONS SE DEROULENT LES DIMANCHES ET LES MERCREDIS DE 21H00 A 22H15 \u00e0 L\u2019ADRESSE SUIVANTE: Participer \u00e0 la r\u00e9union Zoomhttps:\/\/us05web.zoom.us\/j\/3113093832?pwd=M0w2Ym5JNUU3cmZST1J5bGtSUUdxQT09 Le mot de passe est : treP6J En cas de difficult\u00e9s avec l\u2019outil [&hellip;]<\/p>\n","protected":false},"author":1,"featured_media":0,"parent":0,"menu_order":0,"comment_status":"closed","ping_status":"closed","template":"","meta":{"footnotes":""},"_links":{"self":[{"href":"https:\/\/joueurs-anonymes.com\/index.php\/wp-json\/wp\/v2\/pages\/8"}],"collection":[{"href":"https:\/\/joueurs-anonymes.com\/index.php\/wp-json\/wp\/v2\/pages"}],"about":[{"href":"https:\/\/joueurs-anonymes.com\/index.php\/wp-json\/wp\/v2\/types\/page"}],"author":[{"embeddable":true,"href":"https:\/\/joueurs-anonymes.com\/index.php\/wp-json\/wp\/v2\/users\/1"}],"replies":[{"embeddable":true,"href":"https:\/\/joueurs-anonymes.com\/index.php\/wp-json\/wp\/v2\/comments?post=8"}],"version-history":[{"count":59,"href":"https:\/\/joueurs-anonymes.com\/index.php\/wp-json\/wp\/v2\/pages\/8\/revisions"}],"predecessor-version":[{"id":455,"href":"https:\/\/joueurs-anonymes.com\/index.php\/wp-json\/wp\/v2\/pages\/8\/revisions\/455"}],"wp:attachment":[{"href":"https:\/\/joueurs-anonymes.com\/index.php\/wp-json\/wp\/v2\/media?parent=8"}],"curies":[{"name":"wp","href":"https:\/\/api.w.org\/{rel}","templated":true}]}}